{"id":11898,"date":"2025-09-13T19:53:00","date_gmt":"2025-09-14T01:53:00","guid":{"rendered":"https:\/\/cercasdelta.com\/?post_type=product&#038;p=11898"},"modified":"2025-09-13T19:59:12","modified_gmt":"2025-09-14T01:59:12","slug":"perfiles-y-tablaroca","status":"publish","type":"product","link":"https:\/\/cercasdelta.com\/en\/product\/perfiles-y-tablaroca\/","title":{"rendered":"Perfiles y tablaroca"},"content":{"rendered":"","protected":false},"excerpt":{"rendered":"<p>La combinaci\u00f3n de perfiles met\u00e1licos y tablaroca ofrece una soluci\u00f3n constructiva r\u00e1pida, eficiente y vers\u00e1til.<\/p>\n<p><strong>Aplicaciones T\u00edpicas:<\/strong><br \/>\nMuros divisorios<br \/>\nTechos<br \/>\nRevestimientos<br \/>\nNichos y estanter\u00edas<\/p>","protected":false},"featured_media":11899,"comment_status":"open","ping_status":"closed","template":"","meta":[],"product_brand":[],"product_cat":[134],"product_tag":[],"class_list":{"0":"post-11898","1":"product","2":"type-product","3":"status-publish","4":"has-post-thumbnail","6":"product_cat-otros-productos","8":"first","9":"instock","10":"shipping-taxable","11":"product-type-simple"},"_links":{"self":[{"href":"https:\/\/cercasdelta.com\/en\/wp-json\/wp\/v2\/product\/11898","targetHints":{"allow":["GET"]}}],"collection":[{"href":"https:\/\/cercasdelta.com\/en\/wp-json\/wp\/v2\/product"}],"about":[{"href":"https:\/\/cercasdelta.com\/en\/wp-json\/wp\/v2\/types\/product"}],"replies":[{"embeddable":true,"href":"https:\/\/cercasdelta.com\/en\/wp-json\/wp\/v2\/comments?post=11898"}],"version-history":[{"count":0,"href":"https:\/\/cercasdelta.com\/en\/wp-json\/wp\/v2\/product\/11898\/revisions"}],"wp:featuredmedia":[{"embeddable":true,"href":"https:\/\/cercasdelta.com\/en\/wp-json\/wp\/v2\/media\/11899"}],"wp:attachment":[{"href":"https:\/\/cercasdelta.com\/en\/wp-json\/wp\/v2\/media?parent=11898"}],"wp:term":[{"taxonomy":"product_brand","embeddable":true,"href":"https:\/\/cercasdelta.com\/en\/wp-json\/wp\/v2\/product_brand?post=11898"},{"taxonomy":"product_cat","embeddable":true,"href":"https:\/\/cercasdelta.com\/en\/wp-json\/wp\/v2\/product_cat?post=11898"},{"taxonomy":"product_tag","embeddable":true,"href":"https:\/\/cercasdelta.com\/en\/wp-json\/wp\/v2\/product_tag?post=11898"}],"curies":[{"name":"wp","href":"https:\/\/api.w.org\/{rel}","templated":true}]}}