{"id":11889,"date":"2025-09-13T19:39:54","date_gmt":"2025-09-14T01:39:54","guid":{"rendered":"https:\/\/cercasdelta.com\/?post_type=product&#038;p=11889"},"modified":"2025-09-13T19:58:07","modified_gmt":"2025-09-14T01:58:07","slug":"cerco-bambu","status":"publish","type":"product","link":"https:\/\/cercasdelta.com\/en\/product\/cerco-bambu\/","title":{"rendered":"Cerco bamb\u00fa"},"content":{"rendered":"","protected":false},"excerpt":{"rendered":"<p>Cerco Bamb\u00fa es una estructura de cerramiento elaborada con tallos de bamb\u00fa, ya sea en su forma natural (entera) o procesada (en listones o ca\u00f1as partidas). Se utiliza com\u00fanmente como delimitaci\u00f3n de terrenos, muros decorativos, divisiones de espacios y cercos ecol\u00f3gicos.<\/p>\n<p><strong>Versatilidad:<\/strong><br \/>\nIdeal para cercos perimetrales que combinen seguridad y est\u00e9tica, especialmente en entornos naturales o donde se busque un aspecto m\u00e1s org\u00e1nico.<\/p>","protected":false},"featured_media":11890,"comment_status":"open","ping_status":"closed","template":"","meta":[],"product_brand":[],"product_cat":[132],"product_tag":[],"class_list":{"0":"post-11889","1":"product","2":"type-product","3":"status-publish","4":"has-post-thumbnail","6":"product_cat-mallas","8":"first","9":"instock","10":"shipping-taxable","11":"product-type-simple"},"_links":{"self":[{"href":"https:\/\/cercasdelta.com\/en\/wp-json\/wp\/v2\/product\/11889","targetHints":{"allow":["GET"]}}],"collection":[{"href":"https:\/\/cercasdelta.com\/en\/wp-json\/wp\/v2\/product"}],"about":[{"href":"https:\/\/cercasdelta.com\/en\/wp-json\/wp\/v2\/types\/product"}],"replies":[{"embeddable":true,"href":"https:\/\/cercasdelta.com\/en\/wp-json\/wp\/v2\/comments?post=11889"}],"version-history":[{"count":0,"href":"https:\/\/cercasdelta.com\/en\/wp-json\/wp\/v2\/product\/11889\/revisions"}],"wp:featuredmedia":[{"embeddable":true,"href":"https:\/\/cercasdelta.com\/en\/wp-json\/wp\/v2\/media\/11890"}],"wp:attachment":[{"href":"https:\/\/cercasdelta.com\/en\/wp-json\/wp\/v2\/media?parent=11889"}],"wp:term":[{"taxonomy":"product_brand","embeddable":true,"href":"https:\/\/cercasdelta.com\/en\/wp-json\/wp\/v2\/product_brand?post=11889"},{"taxonomy":"product_cat","embeddable":true,"href":"https:\/\/cercasdelta.com\/en\/wp-json\/wp\/v2\/product_cat?post=11889"},{"taxonomy":"product_tag","embeddable":true,"href":"https:\/\/cercasdelta.com\/en\/wp-json\/wp\/v2\/product_tag?post=11889"}],"curies":[{"name":"wp","href":"https:\/\/api.w.org\/{rel}","templated":true}]}}