{"id":11884,"date":"2025-09-13T19:19:12","date_gmt":"2025-09-14T01:19:12","guid":{"rendered":"https:\/\/cercasdelta.com\/?post_type=product&#038;p=11884"},"modified":"2025-09-13T19:58:25","modified_gmt":"2025-09-14T01:58:25","slug":"cercopanel","status":"publish","type":"product","link":"https:\/\/cercasdelta.com\/en\/product\/cercopanel\/","title":{"rendered":"Cercopanel"},"content":{"rendered":"<p><img fetchpriority=\"high\" decoding=\"async\" class=\"alignnone wp-image-11886 size-full\" src=\"https:\/\/cercasdelta.com\/wp-content\/uploads\/2025\/09\/Cercopanel-Detalles-1.webp\" alt=\"\" width=\"793\" height=\"396\" srcset=\"https:\/\/cercasdelta.com\/wp-content\/uploads\/2025\/09\/Cercopanel-Detalles-1.webp 793w, https:\/\/cercasdelta.com\/wp-content\/uploads\/2025\/09\/Cercopanel-Detalles-1-300x150.webp 300w, https:\/\/cercasdelta.com\/wp-content\/uploads\/2025\/09\/Cercopanel-Detalles-1-768x384.webp 768w, https:\/\/cercasdelta.com\/wp-content\/uploads\/2025\/09\/Cercopanel-Detalles-1-18x9.webp 18w, https:\/\/cercasdelta.com\/wp-content\/uploads\/2025\/09\/Cercopanel-Detalles-1-150x75.webp 150w\" sizes=\"(max-width: 793px) 100vw, 793px\" \/><\/p>\n<p><img decoding=\"async\" class=\"alignnone wp-image-11887 size-full\" src=\"https:\/\/cercasdelta.com\/wp-content\/uploads\/2025\/09\/Cerco-panel-accersorios.webp\" alt=\"\" width=\"907\" height=\"369\" srcset=\"https:\/\/cercasdelta.com\/wp-content\/uploads\/2025\/09\/Cerco-panel-accersorios.webp 907w, https:\/\/cercasdelta.com\/wp-content\/uploads\/2025\/09\/Cerco-panel-accersorios-300x122.webp 300w, https:\/\/cercasdelta.com\/wp-content\/uploads\/2025\/09\/Cerco-panel-accersorios-768x312.webp 768w, https:\/\/cercasdelta.com\/wp-content\/uploads\/2025\/09\/Cerco-panel-accersorios-18x7.webp 18w, https:\/\/cercasdelta.com\/wp-content\/uploads\/2025\/09\/Cerco-panel-accersorios-150x61.webp 150w\" sizes=\"(max-width: 907px) 100vw, 907px\" \/><\/p>","protected":false},"excerpt":{"rendered":"<p>Fabricada a partir de alambres de acero galvanizado, soldados entre s\u00ed en puntos de intersecci\u00f3n.<br \/>\nEl galvanizado protege al acero de la corrosi\u00f3n, garantizando una larga vida \u00fatil incluso en condiciones clim\u00e1ticas adversas<\/p>\n<p><strong>Aplicaciones Regulares:<\/strong><br \/>\nCercos perimetrales<br \/>\nJaulas para animales<br \/>\nReforzamiento de estructuras<br \/>\nCribado<\/p>","protected":false},"featured_media":11885,"comment_status":"open","ping_status":"closed","template":"","meta":[],"product_brand":[],"product_cat":[132],"product_tag":[],"class_list":{"0":"post-11884","1":"product","2":"type-product","3":"status-publish","4":"has-post-thumbnail","6":"product_cat-mallas","8":"first","9":"instock","10":"shipping-taxable","11":"product-type-simple"},"_links":{"self":[{"href":"https:\/\/cercasdelta.com\/en\/wp-json\/wp\/v2\/product\/11884","targetHints":{"allow":["GET"]}}],"collection":[{"href":"https:\/\/cercasdelta.com\/en\/wp-json\/wp\/v2\/product"}],"about":[{"href":"https:\/\/cercasdelta.com\/en\/wp-json\/wp\/v2\/types\/product"}],"replies":[{"embeddable":true,"href":"https:\/\/cercasdelta.com\/en\/wp-json\/wp\/v2\/comments?post=11884"}],"version-history":[{"count":0,"href":"https:\/\/cercasdelta.com\/en\/wp-json\/wp\/v2\/product\/11884\/revisions"}],"wp:featuredmedia":[{"embeddable":true,"href":"https:\/\/cercasdelta.com\/en\/wp-json\/wp\/v2\/media\/11885"}],"wp:attachment":[{"href":"https:\/\/cercasdelta.com\/en\/wp-json\/wp\/v2\/media?parent=11884"}],"wp:term":[{"taxonomy":"product_brand","embeddable":true,"href":"https:\/\/cercasdelta.com\/en\/wp-json\/wp\/v2\/product_brand?post=11884"},{"taxonomy":"product_cat","embeddable":true,"href":"https:\/\/cercasdelta.com\/en\/wp-json\/wp\/v2\/product_cat?post=11884"},{"taxonomy":"product_tag","embeddable":true,"href":"https:\/\/cercasdelta.com\/en\/wp-json\/wp\/v2\/product_tag?post=11884"}],"curies":[{"name":"wp","href":"https:\/\/api.w.org\/{rel}","templated":true}]}}